{"id":34,"date":"2024-12-10T13:15:25","date_gmt":"2024-12-10T13:15:25","guid":{"rendered":"https:\/\/websitequangnam.com\/ditichlichsu\/home\/"},"modified":"2024-12-11T14:39:31","modified_gmt":"2024-12-11T14:39:31","slug":"home","status":"publish","type":"page","link":"https:\/\/websitequangnam.com\/ditichlichsu\/","title":{"rendered":"Home"},"content":{"rendered":"\n\n\n\nC\u00d4NG NGH\u1ec6 TH\u1ef0C T\u1ebe \u1ea2O T\u0102NG C\u01af\u1edcNG\n\n\nS\u1eec D\u1ee4NG GI\u1eccNG \u0110\u1eccC AI\n\n\nB\u1ea2N \u0110\u1ed2 MAP GOOGLE RI\u00caNG\n\n\n\n\n\n\n<p><\/p>\n\n<p>Lorem Ipsum has been the industry&#8217;s standard dummy text ever since the 1500s.<\/p>\n\n\n\n<h2>GI\u1edaI THI\u1ec6U V\u1ec0 H\u1ec6 TH\u1ed0NG<\/h2>\n\n\n\n\n<p><span style=\"color: rgb(33, 37, 41); font-family: Inter, sans-serif; font-size: 16px; font-style: normal; font-variant-ligatures: normal; font-variant-caps: normal; font-weight: 400; background-color: rgb(255, 255, 255);\">Google Maps l\u00e0 m\u1ed9t d\u1ecbch v\u1ee5 b\u1ea3n \u0111\u1ed3 s\u1ed1 \u0111\u01b0\u1ee3c Google ph\u00e1t tri\u1ec3n v\u1edbi m\u1ee5c \u0111\u00edch thay th\u1ebf c\u00e1c lo\u1ea1i b\u1ea3n \u0111\u1ed3 gi\u1ea5y. V\u00e0 n\u00f3 \u0111\u00e3 tr\u1edf th\u00e0nh m\u1ed9t trong nh\u1eefng \u1ee9ng d\u1ee5ng m\u1ea1nh m\u1ebd v\u00e0 ph\u1ed5 bi\u1ebfn nh\u1ea5t hi\u1ec7n nay. V\u1edbi nhi\u1ec1u t\u00ednh n\u0103ng ti\u1ec7n \u00edch, n\u00ean google map \u0111\u00e3 \u0111\u01b0\u1ee3c nhi\u1ec1u ng\u01b0\u1eddi l\u1ef1a ch\u1ecdn s\u1eed d\u1ee5ng \u0111\u1ec3 t\u00ecm h\u01b0\u1edbng d\u1eabn ch\u1ec9 \u0111\u01b0\u1eddng. N\u1eafm b\u1eaft xu th\u1ebf \u0111\u00f3, n\u00ean nhi\u1ec1u doanh nghi\u1ec7p \u0111\u00e3 \u1ee9ng d\u1ee5ng google map v\u00e0o trong kinh doanh tr\u1ef1c tuy\u1ebfn.<\/span><br><span style=\"color: rgb(33, 37, 41); font-family: Inter, sans-serif; font-size: 16px; font-style: normal; font-variant-ligatures: normal; font-variant-caps: normal; font-weight: 400; background-color: rgb(255, 255, 255);\">Ph\u1ed5 bi\u1ebfn nh\u1ea5t l\u00e0 t\u00edch h\u1ee3p b\u1ea3n \u0111\u1ed3 google v\u00e0o trong website \u0111\u1ec3 kh\u00e1ch h\u00e0ng d\u1ec5 d\u00e0ng t\u00ecm \u0111\u1ebfn \u0111\u1ecba ch\u1ec9 mua h\u00e0ng. Ngo\u00e0i ra ng\u01b0\u1eddi ta c\u00f2n \u1ee9ng d\u1ee5ng v\u00e0o vi\u1ec7c seo local t\u1ee9c seo \u0111\u1ecba \u0111i\u1ec3m doanh nghi\u1ec7p, nh\u1edd \u0111\u00f3 l\u00e0m t\u0103ng l\u01b0\u1ee3ng traffic \u0111\u1ed5 v\u1ec1 website, t\u1eeb \u0111\u00f3 gi\u00fap t\u0103ng l\u01b0\u1ee3t t\u01b0\u01a1ng t\u00e1c v\u00e0 tra c\u1ee9u d\u1ef1a v\u00e0o b\u1ea3n \u0111\u1ed3<\/span><br><\/p>\n\n\n\n\n\n\n<p><span style=\"color: rgb(33, 37, 41); font-family: Inter, sans-serif; font-size: 16px; font-style: normal; font-variant-ligatures: normal; font-variant-caps: normal; font-weight: 400; background-color: rgb(255, 255, 255);\">Hi\u1ec7n nay tri\u1ec3n l\u00e3m tr\u1ef1c tuy\u1ebfn \u0111ang l\u00e0 xu h\u01b0\u1edbng chung c\u1ee7a c\u1ea3 th\u1ebf gi\u1edbi b\u1edfi kh\u1ea3 n\u0103ng ti\u1ebfp c\u1eadn c\u00f4ng ch\u00fang r\u1ed9ng r\u00e3i. Tri\u1ec3n l\u00e3m tr\u1ef1c tuy\u1ebfn s\u1ebd d\u1ef1a tr\u00ean c\u00f4ng ngh\u1ec7 m\u00f4i tr\u01b0\u1eddng \u1ea3o ho\u1ea1t \u0111\u1ed9ng theo m\u00f4 h\u00ecnh \u0111i\u1ec7n to\u00e1n \u0111\u00e1m m\u00e2y. C\u0169ng gi\u1ed1ng nh\u01b0 tri\u1ec3n l\u00e3m th\u1eadt, m\u00f4i tr\u01b0\u1eddng \u1ea3o c\u00f3 ph\u00f2ng tri\u1ec3n l\u00e3m, khu tr\u01b0ng b\u00e0y c\u00e1c hi\u1ec7n v\u1eadt, di v\u1eadt, c\u1ed5 v\u1eadt\u2026 c\u00f9ng v\u1edbi c\u00e1c th\u00f4ng tin ch\u1eb7t ch\u1ebd \u0111\u01b0\u1ee3c \u0111\u00ednh tr\u1ef1c ti\u1ebfp d\u01b0\u1edbi m\u1ed7i n\u1ed9i dung. V\u1edbi kh\u00f4ng gian \u1ea3o r\u1ea5t r\u1ed9ng, c\u00f3 th\u1ec3 ch\u1ee9a h\u00e0ng ng\u00e0n gian h\u00e0ng v\u00e0 cho ph\u00e9p nhi\u1ec1u ng\u01b0\u1eddi th\u0103m quan.<\/span><br><span style=\"color: rgb(33, 37, 41); font-family: Inter, sans-serif; font-size: 16px; font-style: normal; font-variant-ligatures: normal; font-variant-caps: normal; font-weight: 400; background-color: rgb(255, 255, 255);\">Ch\u1ec9 c\u1ea7n c\u00f3 m\u00e1y t\u00ednh, chi\u1ebfc \u0111i\u1ec7n tho\u1ea1i th\u00f4ng minh v\u00e0 \u1edf b\u1ea5t c\u1ee9 n\u01a1i \u0111\u00e2u, ng\u01b0\u1eddi d\u00f9ng \u0111\u1ec1u c\u00f3 th\u1ec3 tham quan. Truy c\u1eadp, ch\u00fang ta s\u1ebd \u0111\u1ebfn v\u1edbi kh\u00f4ng gian tr\u01b0ng b\u00e0y c\u1ee7a b\u1ea3o t\u00e0ng, tr\u1ea3i nghi\u1ec7m c\u00e1c hi\u1ec7n v\u1eadt v\u1edbi ph\u1ea7n thuy\u1ebft minh r\u00f5 r\u00e0ng, c\u1ee5 th\u1ec3. Vi\u1ec7c di chuy\u1ec3n tr\u00ean m\u00f4i tr\u01b0\u1eddng \u1ea3o r\u1ea5t \u0111\u01a1n gi\u1ea3n, ch\u00fang ta c\u00f3 th\u1ec3 di chuy\u1ec3n qua c\u00e1c ph\u00f2ng ho\u1eb7c t\u00ecm c\u00e1c ph\u00f2ng mong mu\u1ed1n trong t\u00edch t\u1eafc.<\/span><br><\/p>\n\n\n\n\n\n\n\n\n<h2>M\u1ed9t s\u1ed1 b\u00e0i vi\u1ebft<\/h2>\n\n\n<h2>B\u1ea3n \u0111\u1ed3 di t\u00edch l\u1ecbch s\u1eed <\/h2>\n\n\n<iframe loading=\"lazy\" src=\"https:\/\/www.google.com\/maps\/d\/embed?mid=1d-B_uc3gc06pwhGtnQf-fztE2RDsoQM&amp;ehbc=2E312F\" width=\"100%\" height=\"600\"><\/iframe>\n\n\n\n\n\n\n<h2>B\u1ea3n \u0111\u1ed3 Du l\u1ecbch<\/h2>\n<iframe loading=\"lazy\" src=\"https:\/\/www.google.com\/maps\/d\/embed?mid=1x8jVnttYqWX_QGN09BsnFFkXHHIlt6w&#038;ehbc=2E312F\" width=\"100%\" height=\"600\"><\/iframe>\n\n\n","protected":false},"excerpt":{"rendered":"","protected":false},"author":1,"featured_media":0,"parent":0,"menu_order":0,"comment_status":"closed","ping_status":"closed","template":"","meta":{"pagelayer_contact_templates":[],"_pagelayer_content":"","footnotes":""},"class_list":["post-34","page","type-page","status-publish","hentry"],"_links":{"self":[{"href":"https:\/\/websitequangnam.com\/ditichlichsu\/wp-json\/wp\/v2\/pages\/34","targetHints":{"allow":["GET"]}}],"collection":[{"href":"https:\/\/websitequangnam.com\/ditichlichsu\/wp-json\/wp\/v2\/pages"}],"about":[{"href":"https:\/\/websitequangnam.com\/ditichlichsu\/wp-json\/wp\/v2\/types\/page"}],"author":[{"embeddable":true,"href":"https:\/\/websitequangnam.com\/ditichlichsu\/wp-json\/wp\/v2\/users\/1"}],"replies":[{"embeddable":true,"href":"https:\/\/websitequangnam.com\/ditichlichsu\/wp-json\/wp\/v2\/comments?post=34"}],"version-history":[{"count":34,"href":"https:\/\/websitequangnam.com\/ditichlichsu\/wp-json\/wp\/v2\/pages\/34\/revisions"}],"predecessor-version":[{"id":606,"href":"https:\/\/websitequangnam.com\/ditichlichsu\/wp-json\/wp\/v2\/pages\/34\/revisions\/606"}],"wp:attachment":[{"href":"https:\/\/websitequangnam.com\/ditichlichsu\/wp-json\/wp\/v2\/media?parent=34"}],"curies":[{"name":"wp","href":"https:\/\/api.w.org\/{rel}","templated":true}]}}