{"id":33,"date":"2024-12-10T13:15:25","date_gmt":"2024-12-10T13:15:25","guid":{"rendered":"https:\/\/websitequangnam.com\/ditichlichsu\/contact\/"},"modified":"2025-05-25T08:10:50","modified_gmt":"2025-05-25T08:10:50","slug":"contact","status":"publish","type":"page","link":"https:\/\/websitequangnam.com\/ditichlichsu\/contact\/","title":{"rendered":"Contact"},"content":{"rendered":"\n\n\n\n\n\u00c1I NGH\u0128A, \u0110\u1ea0I L\u1ed8C, QU\u1ea2NG NAM\n\n\n\n\n\n\n\nLI\u00caN H\u1ec6\n\n\n\n<p [object NamedNodeMap]>S\u1ea3n ph\u1ea9m thu\u1ed9c v\u1ec1 nh\u00f3m t\u00e1c gi\u1ea3: <br>Tr\u1ea7n Thi\u1ec7n V\u0103n, L\u00ea Ho\u00e0ng Vi\u1ec7t l\u1edbp 8\/4.<br>Nguy\u1ec5n Thanh Gia B\u1ea3o, L\u1edbp 9.5 &#8211; Tr\u1ea7n Ng\u1ecdc B\u1ea3o Ti\u00ean, L\u1edbp 6.6<br>Tr\u01b0\u1eddng THCS Nguy\u1ec5n Tr\u00e3i, huy\u1ec7n \u0110\u1ea1i L\u1ed9c, t\u1ec9nh Qu\u1ea3ng Nam.<br><\/p>\n\n\n\n\n\n\n\n\n\n\n\n\n","protected":false},"excerpt":{"rendered":"","protected":false},"author":1,"featured_media":0,"parent":0,"menu_order":0,"comment_status":"closed","ping_status":"closed","template":"","meta":{"pagelayer_contact_templates":[],"_pagelayer_content":"","footnotes":""},"class_list":["post-33","page","type-page","status-publish","hentry"],"_links":{"self":[{"href":"https:\/\/websitequangnam.com\/ditichlichsu\/wp-json\/wp\/v2\/pages\/33","targetHints":{"allow":["GET"]}}],"collection":[{"href":"https:\/\/websitequangnam.com\/ditichlichsu\/wp-json\/wp\/v2\/pages"}],"about":[{"href":"https:\/\/websitequangnam.com\/ditichlichsu\/wp-json\/wp\/v2\/types\/page"}],"author":[{"embeddable":true,"href":"https:\/\/websitequangnam.com\/ditichlichsu\/wp-json\/wp\/v2\/users\/1"}],"replies":[{"embeddable":true,"href":"https:\/\/websitequangnam.com\/ditichlichsu\/wp-json\/wp\/v2\/comments?post=33"}],"version-history":[{"count":7,"href":"https:\/\/websitequangnam.com\/ditichlichsu\/wp-json\/wp\/v2\/pages\/33\/revisions"}],"predecessor-version":[{"id":654,"href":"https:\/\/websitequangnam.com\/ditichlichsu\/wp-json\/wp\/v2\/pages\/33\/revisions\/654"}],"wp:attachment":[{"href":"https:\/\/websitequangnam.com\/ditichlichsu\/wp-json\/wp\/v2\/media?parent=33"}],"curies":[{"name":"wp","href":"https:\/\/api.w.org\/{rel}","templated":true}]}}