{"id":32,"date":"2024-12-10T13:15:25","date_gmt":"2024-12-10T13:15:25","guid":{"rendered":"https:\/\/websitequangnam.com\/ditichlichsu\/about\/"},"modified":"2024-12-12T10:17:25","modified_gmt":"2024-12-12T10:17:25","slug":"about","status":"publish","type":"page","link":"https:\/\/websitequangnam.com\/ditichlichsu\/about\/","title":{"rendered":"About"},"content":{"rendered":"\n\n\n\n\n\u00dd T\u01af\u1edeNG C\u1ee6A NH\u00d3M T\u00c1C GI\u1ea2\n\n\n\n\n\n\n\n<p>Lorem Ipsum has been the industry&#8217;s standard dummy text ever since the 1500s.<\/p>\n\n\n\n\n\n\n\nQu\u1ea3ng Nam, v\u00f9ng \u0111\u1ea5t n\u1eb1m \u1edf mi\u1ec1n Trung Vi\u1ec7t Nam, t\u1eeb l\u00e2u \u0111\u00e3 tr\u1edf th\u00e0nh m\u1ed9t \u0111i\u1ec3m \u0111\u1ebfn \u0111\u1ea7y s\u1ee9c h\u00fat v\u1edbi nh\u1eefng gi\u00e1 tr\u1ecb v\u0103n h\u00f3a, l\u1ecbch s\u1eed v\u00e0 thi\u00ean nhi\u00ean \u0111\u1ed9c \u0111\u00e1o. \u0110\u00e2y l\u00e0 n\u01a1i h\u1ed9i t\u1ee5 c\u1ee7a nh\u1eefng di s\u1ea3n v\u0103n h\u00f3a th\u1ebf gi\u1edbi, ti\u00eau bi\u1ec3u nh\u01b0 <strong>ph\u1ed1 c\u1ed5 H\u1ed9i An<\/strong>v\u00e0<strong>th\u00e1nh \u0111\u1ecba M\u1ef9 S\u01a1n<\/strong>, \u0111\u1ed3ng th\u1eddi c\u00f2n s\u1edf h\u1eefu nhi\u1ec1u th\u1eafng c\u1ea3nh thi\u00ean nhi\u00ean k\u1ef3 th\u00fa, c\u00e1c l\u00e0ng ngh\u1ec1 truy\u1ec1n th\u1ed1ng v\u00e0 n\u1ec1n \u1ea9m th\u1ef1c phong ph\u00fa. Nh\u1eefng \u0111i\u1ec1u n\u00e0y \u0111\u00e3 l\u00e0m n\u00ean s\u1ee9c h\u1ea5p d\u1eabn \u0111\u1eb7c bi\u1ec7t c\u1ee7a Qu\u1ea3ng Nam, bi\u1ebfn n\u01a1i \u0111\u00e2y tr\u1edf th\u00e0nh m\u1ed9t trong nh\u1eefng \u0111i\u1ec3m s\u00e1ng tr\u00ean b\u1ea3n \u0111\u1ed3 du l\u1ecbch Vi\u1ec7t Nam v\u00e0 th\u1ebf gi\u1edbi.<br>Ph\u1ed1 c\u1ed5 H\u1ed9i An \u0111\u01b0\u1ee3c v\u00ed nh\u01b0 m\u1ed9t b\u1ea3o t\u00e0ng s\u1ed1ng \u0111\u1ed9ng v\u1ec1 ki\u1ebfn tr\u00fac v\u00e0 v\u0103n h\u00f3a, v\u1edbi nh\u1eefng d\u00e3y nh\u00e0 c\u1ed5, nh\u1eefng con h\u1ebbm nh\u1ecf y\u00ean b\u00ecnh v\u00e0 \u00e1nh s\u00e1ng l\u1ea5p l\u00e1nh t\u1eeb nh\u1eefng chi\u1ebfc \u0111\u00e8n l\u1ed3ng m\u1ed7i khi \u0111\u00eam v\u1ec1. \u0110\u01b0\u1ee3c UNESCO c\u00f4ng nh\u1eadn l\u00e0 Di s\u1ea3n V\u0103n h\u00f3a Th\u1ebf gi\u1edbi v\u00e0o n\u0103m 1999, H\u1ed9i An kh\u00f4ng ch\u1ec9 l\u00e0 n\u01a1i l\u01b0u gi\u1eef n\u00e9t \u0111\u1eb9p c\u1ed5 k\u00ednh m\u00e0 c\u00f2n l\u00e0 \u0111i\u1ec3m giao thoa v\u0103n h\u00f3a gi\u1eefa \u0110\u00f4ng v\u00e0 T\u00e2y qua nhi\u1ec1u th\u1ebf k\u1ef7. Trong khi \u0111\u00f3, th\u00e1nh \u0111\u1ecba M\u1ef9 S\u01a1n, m\u1ed9t qu\u1ea7n th\u1ec3 \u0111\u1ec1n th\u00e1p Ch\u0103m Pa c\u1ed5 x\u01b0a, l\u00e0 minh ch\u1ee9ng cho s\u1ef1 ph\u00e1t tri\u1ec3n r\u1ef1c r\u1ee1 c\u1ee7a n\u1ec1n v\u0103n minh Ch\u0103m Pa. Nh\u1eefng ng\u00f4i \u0111\u1ec1n r\u00eau phong \u1ea9n m\u00ecnh gi\u1eefa thung l\u0169ng y\u00ean b\u00ecnh kh\u00f4ng ch\u1ec9 l\u00e0 m\u1ed9t k\u1ef3 quan ki\u1ebfn tr\u00fac m\u00e0 c\u00f2n l\u00e0 m\u1ed9t bi\u1ec3u t\u01b0\u1ee3ng v\u0103n h\u00f3a \u2013 t\u00f4n gi\u00e1o \u0111\u1ed9c \u0111\u00e1o, \u0111\u1ea1i di\u1ec7n cho l\u1ecbch s\u1eed h\u00e0ng ng\u00e0n n\u0103m c\u1ee7a mi\u1ec1n \u0111\u1ea5t n\u00e0y.<br>Ngo\u00e0i hai di s\u1ea3n n\u1ed5i b\u1eadt, Qu\u1ea3ng Nam c\u00f2n thu h\u00fat du kh\u00e1ch b\u1edfi h\u00e0ng lo\u1ea1t \u0111\u1ecba \u0111i\u1ec3m v\u00e0 ho\u1ea1t \u0111\u1ed9ng du l\u1ecbch \u0111\u1eb7c s\u1eafc kh\u00e1c. Nh\u1eefng b\u00e3i bi\u1ec3n hoang s\u01a1 nh\u01b0 <strong>C\u1eeda \u0110\u1ea1i<\/strong>, <strong>An B\u00e0ng<\/strong> hay <strong>Tam Thanh<\/strong> mang l\u1ea1i kh\u00f4ng gian th\u01b0 gi\u00e3n l\u00fd t\u01b0\u1edfng cho du kh\u00e1ch. C\u00e1c l\u00e0ng ngh\u1ec1 truy\u1ec1n th\u1ed1ng nh\u01b0 <strong>l\u00e0ng g\u1ed1m Thanh H\u00e0, l\u00e0ng rau Tr\u00e0 Qu\u1ebf, l\u00e0ng m\u1ed9c Kim B\u1ed3ng, l\u00e0ng l\u1ee5a H\u1ed9i An<\/strong> c\u0169ng l\u00e0 nh\u1eefng \u0111i\u1ec3m d\u1eebng ch\u00e2n l\u00fd t\u01b0\u1edfng \u0111\u1ec3 kh\u00e1m ph\u00e1 v\u0103n h\u00f3a \u0111\u1ecba ph\u01b0\u01a1ng v\u00e0 tr\u1ea3i nghi\u1ec7m s\u1ef1 kh\u00e9o l\u00e9o c\u1ee7a b\u00e0n tay ng\u01b0\u1eddi d\u00e2n n\u01a1i \u0111\u00e2y. H\u01a1n n\u1eefa, n\u1ec1n \u1ea9m th\u1ef1c phong ph\u00fa v\u1edbi nh\u1eefng m\u00f3n \u0111\u1eb7c s\u1ea3n nh\u01b0 cao l\u1ea7u, m\u00ec Qu\u1ea3ng, b\u00e1nh \u00edt l\u00e1 gai, hay ch\u00e8 b\u1eafp \u0111\u00e3 chinh ph\u1ee5c tr\u00e1i tim c\u1ee7a bi\u1ebft bao th\u1ef1c kh\u00e1ch, tr\u1edf th\u00e0nh m\u1ed9t ph\u1ea7n kh\u00f4ng th\u1ec3 thi\u1ebfu trong h\u00e0nh tr\u00ecnh kh\u00e1m ph\u00e1 Qu\u1ea3ng Nam.<br>Tuy nhi\u00ean, m\u1eb7c d\u00f9 s\u1edf h\u1eefu nhi\u1ec1u ti\u1ec1m n\u0103ng du l\u1ecbch, Qu\u1ea3ng Nam v\u1eabn \u0111ang \u0111\u1ed1i m\u1eb7t v\u1edbi nh\u1eefng th\u00e1ch th\u1ee9c kh\u00f4ng nh\u1ecf trong vi\u1ec7c qu\u1ea3ng b\u00e1 v\u00e0 cung c\u1ea5p th\u00f4ng tin \u0111\u1ebfn du kh\u00e1ch. H\u1ec7 th\u1ed1ng th\u00f4ng tin v\u1ec1 du l\u1ecbch t\u1ea1i t\u1ec9nh Qu\u1ea3ng Nam c\u00f2n kh\u00e1 ph\u00e2n t\u00e1n, thi\u1ebfu s\u1ef1 k\u1ebft n\u1ed1i gi\u1eefa c\u00e1c d\u1ecbch v\u1ee5, \u0111i\u1ec3m tham quan v\u00e0 c\u00e1c ngu\u1ed3n cung c\u1ea5p th\u00f4ng tin tr\u1ef1c tuy\u1ebfn. \u0110i\u1ec1u n\u00e0y g\u00e2y kh\u00f3 kh\u0103n trong vi\u1ec7c l\u00ean k\u1ebf ho\u1ea1ch cho chuy\u1ebfn \u0111i. Nhi\u1ec1u du kh\u00e1ch khi \u0111\u1ebfn \u0111\u00e2y c\u1ea3m th\u1ea5y b\u1ed1i r\u1ed1i v\u00ec thi\u1ebfu th\u00f4ng tin v\u1ec1 c\u00e1c \u0111i\u1ec3m tham quan, l\u1ecbch tr\u00ecnh, ho\u1eb7c nh\u1eefng tr\u1ea3i nghi\u1ec7m \u0111\u1ed9c \u0111\u00e1o m\u00e0 h\u1ecd c\u00f3 th\u1ec3 t\u1eadn h\u01b0\u1edfng. Vi\u1ec7c ti\u1ebfp c\u1eadn c\u00e1c d\u1ecbch v\u1ee5 nh\u01b0 \u0111\u1eb7t v\u00e9, \u0111\u1eb7t ph\u00f2ng, hay t\u00ecm hi\u1ec3u v\u0103n h\u00f3a &#8211; l\u1ecbch s\u1eed \u0111\u1ecba ph\u01b0\u01a1ng th\u01b0\u1eddng g\u1eb7p kh\u00f3 kh\u0103n, \u0111\u1eb7c bi\u1ec7t l\u00e0 \u0111\u1ed1i v\u1edbi kh\u00e1ch qu\u1ed1c t\u1ebf do r\u00e0o c\u1ea3n ng\u00f4n ng\u1eef v\u00e0 c\u00e1ch th\u1ee9c ti\u1ebfp c\u1eadn th\u00f4ng tin c\u00f2n truy\u1ec1n th\u1ed1ng.<br>\u0110\u1ee9ng tr\u01b0\u1edbc th\u1ef1c tr\u1ea1ng \u0111\u00f3, s\u1ef1 ra \u0111\u1eddi c\u1ee7a m\u1ed9t chatbot v\u0103n h\u00f3a du l\u1ecbch kh\u00f4ng ch\u1ec9 l\u00e0 gi\u1ea3i ph\u00e1p k\u1ecbp th\u1eddi m\u00e0 c\u00f2n \u0111\u00e1p \u1ee9ng xu h\u01b0\u1edbng \u1ee9ng d\u1ee5ng c\u00f4ng ngh\u1ec7 v\u00e0o ng\u00e0nh du l\u1ecbch hi\u1ec7n \u0111\u1ea1i. Chatbot s\u1ebd tr\u1edf th\u00e0nh m\u1ed9t \u201ch\u01b0\u1edbng d\u1eabn vi\u00ean \u1ea3o\u201d ho\u1ea1t \u0111\u1ed9ng 24\/7, cung c\u1ea5p th\u00f4ng tin ch\u00ednh x\u00e1c, chi ti\u1ebft v\u00e0 d\u1ec5 hi\u1ec3u v\u1ec1 c\u00e1c \u0111i\u1ec3m \u0111\u1ebfn, s\u1ef1 ki\u1ec7n, d\u1ecbch v\u1ee5 du l\u1ecbch t\u1ea1i Qu\u1ea3ng Nam. Kh\u00f4ng ch\u1ec9 h\u1ed7 tr\u1ee3 du kh\u00e1ch, chatbot c\u00f2n l\u00e0 c\u00f4ng c\u1ee5 \u0111\u1ec3 qu\u1ea3ng b\u00e1 h\u00ecnh \u1ea3nh \u0111\u1ecba ph\u01b0\u01a1ng, b\u1ea3o t\u1ed3n v\u00e0 lan t\u1ecfa nh\u1eefng gi\u00e1 tr\u1ecb v\u0103n h\u00f3a &#8211; l\u1ecbch s\u1eed \u0111\u1eb7c s\u1eafc c\u1ee7a Qu\u1ea3ng Nam \u0111\u1ebfn v\u1edbi b\u1ea1n b\u00e8 qu\u1ed1c t\u1ebf.<br>H\u01a1n th\u1ebf n\u1eefa, trong b\u1ed1i c\u1ea3nh chuy\u1ec3n \u0111\u1ed5i s\u1ed1 \u0111ang di\u1ec5n ra m\u1ea1nh m\u1ebd, vi\u1ec7c \u1ee9ng d\u1ee5ng c\u00f4ng ngh\u1ec7 tr\u00ed tu\u1ec7 nh\u00e2n t\u1ea1o (AI) nh\u01b0 chatbot v\u00e0o l\u0129nh v\u1ef1c du l\u1ecbch kh\u00f4ng ch\u1ec9 l\u00e0 m\u1ed9t b\u01b0\u1edbc ti\u1ebfn quan tr\u1ecdng m\u00e0 c\u00f2n l\u00e0 y\u00eau c\u1ea7u c\u1ea5p thi\u1ebft. C\u00f4ng ngh\u1ec7 n\u00e0y kh\u00f4ng ch\u1ec9 gi\u00fap n\u00e2ng cao tr\u1ea3i nghi\u1ec7m c\u1ee7a du kh\u00e1ch m\u00e0 c\u00f2n l\u00e0 gi\u1ea3i ph\u00e1p t\u1ed1i \u01b0u \u0111\u1ec3 kh\u1eafc ph\u1ee5c nh\u1eefng h\u1ea1n ch\u1ebf c\u1ee7a c\u00e1c k\u00eanh truy\u1ec1n th\u00f4ng truy\u1ec1n th\u1ed1ng. V\u1edbi kh\u1ea3 n\u0103ng giao ti\u1ebfp \u0111a ng\u00f4n ng\u1eef, t\u00edch h\u1ee3p d\u1eef li\u1ec7u l\u1edbn v\u00e0 t\u1ef1 \u0111\u1ed9ng h\u00f3a d\u1ecbch v\u1ee5, chatbot kh\u00f4ng ch\u1ec9 ph\u1ee5c v\u1ee5 du kh\u00e1ch trong n\u01b0\u1edbc m\u00e0 c\u00f2n m\u1edf r\u1ed9ng ph\u1ea1m vi ti\u1ebfp c\u1eadn v\u1edbi du kh\u00e1ch qu\u1ed1c t\u1ebf, \u0111\u01b0a h\u00ecnh \u1ea3nh Qu\u1ea3ng Nam \u0111\u1ebfn g\u1ea7n h\u01a1n v\u1edbi th\u1ebf gi\u1edbi.<br>T\u1eeb g\u00f3c \u0111\u1ed9 b\u1ea3o t\u1ed3n v\u0103n h\u00f3a, chatbot kh\u00f4ng ch\u1ec9 l\u00e0 m\u1ed9t c\u00f4ng c\u1ee5 cung c\u1ea5p th\u00f4ng tin m\u00e0 c\u00f2n g\u00f3p ph\u1ea7n n\u00e2ng cao nh\u1eadn th\u1ee9c c\u1ee7a du kh\u00e1ch v\u1ec1 vi\u1ec7c b\u1ea3o v\u1ec7 di s\u1ea3n. Th\u00f4ng qua nh\u1eefng c\u00e2u chuy\u1ec7n l\u1ecbch s\u1eed, truy\u1ec1n thuy\u1ebft hay c\u00e1c th\u00f4ng \u0111i\u1ec7p \u00fd ngh\u0129a, chatbot c\u00f3 th\u1ec3 truy\u1ec1n t\u1ea3i gi\u00e1 tr\u1ecb v\u0103n h\u00f3a c\u1ee7a c\u00e1c \u0111i\u1ec3m \u0111\u1ebfn nh\u01b0 H\u1ed9i An, M\u1ef9 S\u01a1n m\u1ed9t c\u00e1ch sinh \u0111\u1ed9ng, d\u1ec5 hi\u1ec3u v\u00e0 h\u1ea5p d\u1eabn. \u0110\u1ed3ng th\u1eddi, vi\u1ec7c khuy\u1ebfn kh\u00edch du kh\u00e1ch tham gia v\u00e0o c\u00e1c ho\u1ea1t \u0111\u1ed9ng c\u1ed9ng \u0111\u1ed3ng nh\u01b0 th\u0103m l\u00e0ng ngh\u1ec1, h\u1ecdc l\u00e0m g\u1ed1m hay th\u01b0\u1edfng th\u1ee9c \u1ea9m th\u1ef1c t\u1ea1i \u0111\u1ecba ph\u01b0\u01a1ng s\u1ebd gi\u00fap t\u0103ng c\u01b0\u1eddng k\u1ebft n\u1ed1i gi\u1eefa du kh\u00e1ch v\u00e0 c\u1ed9ng \u0111\u1ed3ng d\u00e2n c\u01b0, t\u1ea1o n\u00ean nh\u1eefng tr\u1ea3i nghi\u1ec7m \u0111\u00e1ng nh\u1edb v\u00e0 s\u00e2u s\u1eafc h\u01a1n.<br>V\u1edbi b\u1ed1i c\u1ea3nh \u0111\u00f3, \u0111\u1ec1 t\u00e0i \u201c<strong>T\u1ea1o trang web s\u1eed d\u1ee5ng chatbot \u0111\u1ec3 qu\u1ea3ng b\u00e1 c\u00e1c \u0111i\u1ec3m di t\u00edch, v\u0103n h\u00f3a, du l\u1ecbch t\u1ec9nh Qu\u1ea3ng Nam<\/strong>\u201d kh\u00f4ng ch\u1ec9 mang \u00fd ngh\u0129a th\u1ef1c ti\u1ec5n trong vi\u1ec7c c\u1ea3i thi\u1ec7n tr\u1ea3i nghi\u1ec7m du l\u1ecbch m\u00e0 c\u00f2n m\u1edf ra c\u01a1 h\u1ed9i l\u1edbn cho nghi\u00ean c\u1ee9u v\u00e0 \u1ee9ng d\u1ee5ng c\u00f4ng ngh\u1ec7 trong l\u0129nh v\u1ef1c b\u1ea3o t\u1ed3n v\u00e0 ph\u00e1t tri\u1ec3n du l\u1ecbch b\u1ec1n v\u1eefng. \u0110\u00e2y l\u00e0 m\u1ed9t b\u01b0\u1edbc \u0111i s\u00e1ng t\u1ea1o, ph\u00f9 h\u1ee3p v\u1edbi xu h\u01b0\u1edbng hi\u1ec7n \u0111\u1ea1i, mang l\u1ea1i l\u1ee3i \u00edch l\u00e2u d\u00e0i cho c\u1ea3 du kh\u00e1ch, \u0111\u1ecba ph\u01b0\u01a1ng v\u00e0 ng\u00e0nh du l\u1ecbch n\u00f3i chung\n\n\n","protected":false},"excerpt":{"rendered":"","protected":false},"author":1,"featured_media":0,"parent":0,"menu_order":0,"comment_status":"closed","ping_status":"closed","template":"","meta":{"pagelayer_contact_templates":[],"_pagelayer_content":"","footnotes":""},"class_list":["post-32","page","type-page","status-publish","hentry"],"_links":{"self":[{"href":"https:\/\/websitequangnam.com\/ditichlichsu\/wp-json\/wp\/v2\/pages\/32","targetHints":{"allow":["GET"]}}],"collection":[{"href":"https:\/\/websitequangnam.com\/ditichlichsu\/wp-json\/wp\/v2\/pages"}],"about":[{"href":"https:\/\/websitequangnam.com\/ditichlichsu\/wp-json\/wp\/v2\/types\/page"}],"author":[{"embeddable":true,"href":"https:\/\/websitequangnam.com\/ditichlichsu\/wp-json\/wp\/v2\/users\/1"}],"replies":[{"embeddable":true,"href":"https:\/\/websitequangnam.com\/ditichlichsu\/wp-json\/wp\/v2\/comments?post=32"}],"version-history":[{"count":6,"href":"https:\/\/websitequangnam.com\/ditichlichsu\/wp-json\/wp\/v2\/pages\/32\/revisions"}],"predecessor-version":[{"id":629,"href":"https:\/\/websitequangnam.com\/ditichlichsu\/wp-json\/wp\/v2\/pages\/32\/revisions\/629"}],"wp:attachment":[{"href":"https:\/\/websitequangnam.com\/ditichlichsu\/wp-json\/wp\/v2\/media?parent=32"}],"curies":[{"name":"wp","href":"https:\/\/api.w.org\/{rel}","templated":true}]}}